{"id":1151,"date":"2022-10-27T10:40:08","date_gmt":"2022-10-27T10:40:08","guid":{"rendered":"https:\/\/www.danaraimann.com\/?page_id=1151"},"modified":"2023-07-11T14:03:08","modified_gmt":"2023-07-11T14:03:08","slug":"special-offers","status":"publish","type":"page","link":"https:\/\/www.danaraimann.com\/en\/special-offers\/","title":{"rendered":"special offers"},"content":{"rendered":"<div style=\"height:47px\" aria-hidden=\"true\" class=\"wp-block-spacer\"><\/div>\n\n\n\n<p>Aufgrund der f\u00fcr viele Menschen anhaltend &#8211; auch wirtschaftlich &#8211; schwierigen Situation, hier ein Angebot:<\/p>\n\n\n\n<p><strong>Coaching-Paket<\/strong><\/p>\n\n\n\n<p><strong>4 x 1 Stunde face2face via ZOOM zu EUR 300<\/strong> (statt EUR 400)<\/p>\n\n\n\n<p><strong>01.09.2023 &#8211; 31.12.2023<\/strong><\/p>\n\n\n\n<p>Jedes Thema ist zur &#8211; l\u00f6sungsorientierten- Betrachtung m\u00f6glich.<br>Bei Interesse bitte an&nbsp;&nbsp; <strong>o&#102;&#102;&#x69;&#x63;e&#64;&#100;&#97;&#x6e;&#x61;ra&#105;&#109;&#x61;&#x6e;n&#46;&#99;&#x6f;&#x6d; <\/strong>&nbsp;&nbsp;f\u00fcr Details schreiben.<br>F\u00fcr abkl\u00e4rende R\u00fcckfragen gerne Telefonat auf Anfrage.<\/p>","protected":false},"excerpt":{"rendered":"<p>Aufgrund der f\u00fcr viele Menschen anhaltend &#8211; auch wirtschaftlich &#8211; schwierigen Situation, hier ein Angebot: Coaching-Paket 4 x 1 Stunde face2face via ZOOM zu EUR 300 (statt EUR&hellip;<\/p>","protected":false},"author":1,"featured_media":0,"parent":0,"menu_order":0,"comment_status":"closed","ping_status":"closed","template":"","meta":{"_coblocks_attr":"","_coblocks_dimensions":"","_coblocks_responsive_height":"","_coblocks_accordion_ie_support":"","footnotes":""},"class_list":["post-1151","page","type-page","status-publish","has-post-thumbnail","hentry"],"yoast_head":"<!-- This site is optimized with the Yoast SEO plugin v27.6 - https:\/\/yoast.com\/product\/yoast-seo-wordpress\/ -->\n<title>special offers - u l r i k e . d a n a . r a i m a n n<\/title>\n<meta name=\"robots\" content=\"index, follow, max-snippet:-1, max-image-preview:large, max-video-preview:-1\" \/>\n<link rel=\"canonical\" href=\"https:\/\/www.danaraimann.com\/en\/special-offers\/\" \/>\n<meta property=\"og:locale\" content=\"en_GB\" \/>\n<meta property=\"og:type\" content=\"article\" \/>\n<meta property=\"og:title\" content=\"special offers - u l r i k e . d a n a . r a i m a n n\" \/>\n<meta property=\"og:description\" content=\"Aufgrund der f\u00fcr viele Menschen anhaltend &#8211; auch wirtschaftlich &#8211; schwierigen Situation, hier ein Angebot: Coaching-Paket 4 x 1 Stunde face2face via ZOOM zu EUR 300 (statt EUR&hellip;\" \/>\n<meta property=\"og:url\" content=\"https:\/\/www.danaraimann.com\/en\/special-offers\/\" \/>\n<meta property=\"og:site_name\" content=\"u l r i k e . d a n a . r a i m a n n\" \/>\n<meta property=\"article:modified_time\" content=\"2023-07-11T14:03:08+00:00\" \/>\n<meta name=\"twitter:card\" content=\"summary_large_image\" \/>\n<meta name=\"twitter:label1\" content=\"Estimated reading time\" \/>\n\t<meta name=\"twitter:data1\" content=\"1 minute\" \/>\n<script type=\"application\/ld+json\" class=\"yoast-schema-graph\">{\"@context\":\"https:\\\/\\\/schema.org\",\"@graph\":[{\"@type\":\"WebPage\",\"@id\":\"https:\\\/\\\/www.danaraimann.com\\\/special-offers\\\/\",\"url\":\"https:\\\/\\\/www.danaraimann.com\\\/special-offers\\\/\",\"name\":\"special offers - u l r i k e . d a n a . r a i m a n n\",\"isPartOf\":{\"@id\":\"https:\\\/\\\/www.danaraimann.com\\\/#website\"},\"datePublished\":\"2022-10-27T10:40:08+00:00\",\"dateModified\":\"2023-07-11T14:03:08+00:00\",\"breadcrumb\":{\"@id\":\"https:\\\/\\\/www.danaraimann.com\\\/special-offers\\\/#breadcrumb\"},\"inLanguage\":\"en-GB\",\"potentialAction\":[{\"@type\":\"ReadAction\",\"target\":[\"https:\\\/\\\/www.danaraimann.com\\\/special-offers\\\/\"]}]},{\"@type\":\"BreadcrumbList\",\"@id\":\"https:\\\/\\\/www.danaraimann.com\\\/special-offers\\\/#breadcrumb\",\"itemListElement\":[{\"@type\":\"ListItem\",\"position\":1,\"name\":\"Startseite\",\"item\":\"https:\\\/\\\/www.danaraimann.com\\\/\"},{\"@type\":\"ListItem\",\"position\":2,\"name\":\"special offers\"}]},{\"@type\":\"WebSite\",\"@id\":\"https:\\\/\\\/www.danaraimann.com\\\/#website\",\"url\":\"https:\\\/\\\/www.danaraimann.com\\\/\",\"name\":\"u l r i k e . d a n a . r a i m a n n\",\"description\":\"\",\"publisher\":{\"@id\":\"https:\\\/\\\/www.danaraimann.com\\\/#\\\/schema\\\/person\\\/55e3be8500cf01753f7ec6cf3ec3d300\"},\"potentialAction\":[{\"@type\":\"SearchAction\",\"target\":{\"@type\":\"EntryPoint\",\"urlTemplate\":\"https:\\\/\\\/www.danaraimann.com\\\/?s={search_term_string}\"},\"query-input\":{\"@type\":\"PropertyValueSpecification\",\"valueRequired\":true,\"valueName\":\"search_term_string\"}}],\"inLanguage\":\"en-GB\"},{\"@type\":[\"Person\",\"Organization\"],\"@id\":\"https:\\\/\\\/www.danaraimann.com\\\/#\\\/schema\\\/person\\\/55e3be8500cf01753f7ec6cf3ec3d300\",\"name\":\"dana\",\"image\":{\"@type\":\"ImageObject\",\"inLanguage\":\"en-GB\",\"@id\":\"https:\\\/\\\/secure.gravatar.com\\\/avatar\\\/c08c63e1e504d04e7bf050eefdead78c561c872ad922238a5bca1cbd44bb856e?s=96&d=mm&r=g\",\"url\":\"https:\\\/\\\/secure.gravatar.com\\\/avatar\\\/c08c63e1e504d04e7bf050eefdead78c561c872ad922238a5bca1cbd44bb856e?s=96&d=mm&r=g\",\"contentUrl\":\"https:\\\/\\\/secure.gravatar.com\\\/avatar\\\/c08c63e1e504d04e7bf050eefdead78c561c872ad922238a5bca1cbd44bb856e?s=96&d=mm&r=g\",\"caption\":\"dana\"},\"logo\":{\"@id\":\"https:\\\/\\\/secure.gravatar.com\\\/avatar\\\/c08c63e1e504d04e7bf050eefdead78c561c872ad922238a5bca1cbd44bb856e?s=96&d=mm&r=g\"},\"sameAs\":[\"https:\\\/\\\/www.danaraimann.com\"]}]}<\/script>\n<!-- \/ Yoast SEO plugin. -->","yoast_head_json":{"title":"special offers - u l r i k e . d a n a . r a i m a n n","robots":{"index":"index","follow":"follow","max-snippet":"max-snippet:-1","max-image-preview":"max-image-preview:large","max-video-preview":"max-video-preview:-1"},"canonical":"https:\/\/www.danaraimann.com\/en\/special-offers\/","og_locale":"en_GB","og_type":"article","og_title":"special offers - u l r i k e . d a n a . r a i m a n n","og_description":"Aufgrund der f\u00fcr viele Menschen anhaltend &#8211; auch wirtschaftlich &#8211; schwierigen Situation, hier ein Angebot: Coaching-Paket 4 x 1 Stunde face2face via ZOOM zu EUR 300 (statt EUR&hellip;","og_url":"https:\/\/www.danaraimann.com\/en\/special-offers\/","og_site_name":"u l r i k e . d a n a . r a i m a n n","article_modified_time":"2023-07-11T14:03:08+00:00","twitter_card":"summary_large_image","twitter_misc":{"Estimated reading time":"1 minute"},"schema":{"@context":"https:\/\/schema.org","@graph":[{"@type":"WebPage","@id":"https:\/\/www.danaraimann.com\/special-offers\/","url":"https:\/\/www.danaraimann.com\/special-offers\/","name":"special offers - u l r i k e . d a n a . r a i m a n n","isPartOf":{"@id":"https:\/\/www.danaraimann.com\/#website"},"datePublished":"2022-10-27T10:40:08+00:00","dateModified":"2023-07-11T14:03:08+00:00","breadcrumb":{"@id":"https:\/\/www.danaraimann.com\/special-offers\/#breadcrumb"},"inLanguage":"en-GB","potentialAction":[{"@type":"ReadAction","target":["https:\/\/www.danaraimann.com\/special-offers\/"]}]},{"@type":"BreadcrumbList","@id":"https:\/\/www.danaraimann.com\/special-offers\/#breadcrumb","itemListElement":[{"@type":"ListItem","position":1,"name":"Startseite","item":"https:\/\/www.danaraimann.com\/"},{"@type":"ListItem","position":2,"name":"special offers"}]},{"@type":"WebSite","@id":"https:\/\/www.danaraimann.com\/#website","url":"https:\/\/www.danaraimann.com\/","name":"u l r i k e . d a n a . r a i m a n n","description":"","publisher":{"@id":"https:\/\/www.danaraimann.com\/#\/schema\/person\/55e3be8500cf01753f7ec6cf3ec3d300"},"potentialAction":[{"@type":"SearchAction","target":{"@type":"EntryPoint","urlTemplate":"https:\/\/www.danaraimann.com\/?s={search_term_string}"},"query-input":{"@type":"PropertyValueSpecification","valueRequired":true,"valueName":"search_term_string"}}],"inLanguage":"en-GB"},{"@type":["Person","Organization"],"@id":"https:\/\/www.danaraimann.com\/#\/schema\/person\/55e3be8500cf01753f7ec6cf3ec3d300","name":"dana","image":{"@type":"ImageObject","inLanguage":"en-GB","@id":"https:\/\/secure.gravatar.com\/avatar\/c08c63e1e504d04e7bf050eefdead78c561c872ad922238a5bca1cbd44bb856e?s=96&d=mm&r=g","url":"https:\/\/secure.gravatar.com\/avatar\/c08c63e1e504d04e7bf050eefdead78c561c872ad922238a5bca1cbd44bb856e?s=96&d=mm&r=g","contentUrl":"https:\/\/secure.gravatar.com\/avatar\/c08c63e1e504d04e7bf050eefdead78c561c872ad922238a5bca1cbd44bb856e?s=96&d=mm&r=g","caption":"dana"},"logo":{"@id":"https:\/\/secure.gravatar.com\/avatar\/c08c63e1e504d04e7bf050eefdead78c561c872ad922238a5bca1cbd44bb856e?s=96&d=mm&r=g"},"sameAs":["https:\/\/www.danaraimann.com"]}]}},"_links":{"self":[{"href":"https:\/\/www.danaraimann.com\/en\/wp-json\/wp\/v2\/pages\/1151","targetHints":{"allow":["GET"]}}],"collection":[{"href":"https:\/\/www.danaraimann.com\/en\/wp-json\/wp\/v2\/pages"}],"about":[{"href":"https:\/\/www.danaraimann.com\/en\/wp-json\/wp\/v2\/types\/page"}],"author":[{"embeddable":true,"href":"https:\/\/www.danaraimann.com\/en\/wp-json\/wp\/v2\/users\/1"}],"replies":[{"embeddable":true,"href":"https:\/\/www.danaraimann.com\/en\/wp-json\/wp\/v2\/comments?post=1151"}],"version-history":[{"count":4,"href":"https:\/\/www.danaraimann.com\/en\/wp-json\/wp\/v2\/pages\/1151\/revisions"}],"predecessor-version":[{"id":1195,"href":"https:\/\/www.danaraimann.com\/en\/wp-json\/wp\/v2\/pages\/1151\/revisions\/1195"}],"wp:attachment":[{"href":"https:\/\/www.danaraimann.com\/en\/wp-json\/wp\/v2\/media?parent=1151"}],"curies":[{"name":"wp","href":"https:\/\/api.w.org\/{rel}","templated":true}]}}